{"id":57,"date":"2025-05-13T11:03:06","date_gmt":"2025-05-13T09:03:06","guid":{"rendered":"https:\/\/www.rodeart.be\/?page_id=57"},"modified":"2025-06-05T12:05:52","modified_gmt":"2025-06-05T10:05:52","slug":"register","status":"publish","type":"page","link":"https:\/\/www.rodeart.be\/fr\/register\/","title":{"rendered":"Inscription"},"content":{"rendered":"\n<div class=\"wp-block-group has-global-padding is-layout-constrained wp-block-group-is-layout-constrained\" style=\"margin-bottom:var(--wp--preset--spacing--large)\">\n<div class=\"wp-block-group has-global-padding is-layout-constrained wp-block-group-is-layout-constrained\" style=\"margin-bottom:var(--wp--preset--spacing--large)\">\n<h3 class=\"wp-block-heading\">Devenir membre de Rodeart<\/h3>\n\n\n\n<p>Envie de rejoindre notre aventure artistique \u00e0 Rhode-Saint-Gen\u00e8se ? Deux types de membres peuvent faire partie de notre association : <strong>membre actif<\/strong> ou <strong>membre sympathisant<\/strong>. \u00c0 vous de choisir le statut qui vous correspond !<\/p>\n<\/div>\n\n\n\n<div class=\"wp-block-columns is-layout-flex wp-container-core-columns-is-layout-554bb261 wp-block-columns-is-layout-flex\" style=\"margin-bottom:var(--wp--preset--spacing--medium)\">\n<div class=\"wp-block-column has-tertiary-background-color has-background is-layout-flow wp-block-column-is-layout-flow\" style=\"padding-top:var(--wp--preset--spacing--small);padding-right:var(--wp--preset--spacing--small);padding-bottom:var(--wp--preset--spacing--small);padding-left:var(--wp--preset--spacing--small)\">\n<h6 class=\"wp-block-heading\">membre actif \u2013 30 \u20ac\/an<\/h6>\n\n\n\n<p>Vous \u00eates artiste (pro ou amateur). Votre domicile, votre atelier ou votre \u00e9cole d&#8217;art se situe \u00e0 Rhode-Saint-Gen\u00e8se.<br>Vous souhaitez participer \u00e0 l\u2019ensemble de nos activit\u00e9s, vous impliquer dans la vie de l\u2019association, proposer vos id\u00e9es, partager vos savoirs et contribuer aux d\u00e9cisions.<br>Bienvenue parmi les membres actifs !<\/p>\n\n\n\n<p><strong>Avantages :<\/strong><\/p>\n\n\n\n<ul class=\"wp-block-list\">\n<li>Acc\u00e8s gratuit \u00e0 toutes les activit\u00e9s<\/li>\n\n\n\n<li>Espace personnel annuel sur notre site web<\/li>\n\n\n\n<li>Possibilit\u00e9 de partager vos contenus dans notre newsletter<\/li>\n\n\n\n<li>Participation vivement souhait\u00e9e \u00e0 l\u2019Assembl\u00e9e G\u00e9n\u00e9rale annuelle<\/li>\n<\/ul>\n\n\n\n<p><em>L\u2019adh\u00e9sion en tant que membre actif est soumise \u00e0 l\u2019approbation du comit\u00e9 de Rodeart.<\/em><\/p>\n<\/div>\n\n\n\n<div class=\"wp-block-column has-tertiary-background-color has-background is-layout-flow wp-block-column-is-layout-flow\" style=\"padding-top:var(--wp--preset--spacing--small);padding-right:var(--wp--preset--spacing--small);padding-bottom:var(--wp--preset--spacing--small);padding-left:var(--wp--preset--spacing--small)\">\n<h6 class=\"wp-block-heading\">Membre sympathisant \u2013 5 \u20ac\/an<\/h6>\n\n\n\n<p>Vous \u00eates artiste\u2026 ou pas ! Vous souhaitez soutenir l\u2019association, offrir un lieu d\u2019accueil, accompagner un proche ou participer \u00e0 certaines activit\u00e9s.<br>Vous habitez Rhode-Saint-Gen\u00e8se ou une commune limitrophe.<br>Bienvenue parmi les membres sympathisants !<\/p>\n\n\n\n<p><strong>Avantages :<\/strong><\/p>\n\n\n\n<ul class=\"wp-block-list\">\n<li>Participation gratuite \u00e0 certaines activit\u00e9s<\/li>\n\n\n\n<li>Participation payante au Parcours d\u2019artistes (uniquement pour les exposants)<\/li>\n\n\n\n<li>Newsletter (si vous le d\u00e9sirez)<\/li>\n<\/ul>\n\n\n\n<p><em>L\u2019adh\u00e9sion en tant que membre sympathisant est soumise \u00e0 l\u2019approbation du comit\u00e9 de Rodeart.<\/em><\/p>\n<\/div>\n<\/div>\n\n\n\n<div class=\"wp-block-group has-global-padding is-layout-constrained wp-block-group-is-layout-constrained\">\n<p><strong>Paiement de la cotisation<\/strong><br>Veuillez verser le montant correspondant \u00e0 votre statut sur le compte suivant :<br><strong>BE50 0682 1179 8618<\/strong><br>Communication : <em>Nom + Pr\u00e9nom + \u201cAdh\u00e9sion 2025\u201d<\/em><\/p>\n<\/div>\n<\/div>\n\n\n\n<div class=\"um um-register um-51\">\n\t<div class=\"um-form\" data-mode=\"register\">\n\t\t<form method=\"post\" action=\"\">\n\t\t\t<div class=\"um-row _um_row_1 \" style=\"margin: 0 0 30px 0;\"><div class=\"um-col-1\"><div  id=\"um_field_51_artist_name\" class=\"um-field um-field-text  um-field-artist_name um-field-text um-field-type_text\" data-key=\"artist_name\"><div class=\"um-field-label\"><label for=\"artist_name-51\">Nom d&#039;artiste \/ Collectif<\/label><div class=\"um-clear\"><\/div><\/div><div class=\"um-field-area\"><input  autocomplete=\"off\" class=\"um-form-field valid not-required \" type=\"text\" name=\"artist_name-51\" id=\"artist_name-51\" value=\"\" placeholder=\"\" data-validate=\"\" data-key=\"artist_name\"  aria-invalid=\"false\" \/>\n\n\t\t\t\t\t\t<\/div><\/div><div  id=\"um_field_51_first_name\" class=\"um-field um-field-text  um-field-first_name um-field-text um-field-type_text\" data-key=\"first_name\"><div class=\"um-field-label\"><label for=\"first_name-51\">Pr\u00e9nom<span class=\"um-req\" title=\"Obligatoire\">*<\/span><\/label><div class=\"um-clear\"><\/div><\/div><div class=\"um-field-area\"><input  autocomplete=\"off\" class=\"um-form-field valid \" type=\"text\" name=\"first_name-51\" id=\"first_name-51\" value=\"\" placeholder=\"\" data-validate=\"\" data-key=\"first_name\"  aria-invalid=\"false\" \/>\n\n\t\t\t\t\t\t<\/div><\/div><div  id=\"um_field_51_last_name\" class=\"um-field um-field-text  um-field-last_name um-field-text um-field-type_text\" data-key=\"last_name\"><div class=\"um-field-label\"><label for=\"last_name-51\">Nom<span class=\"um-req\" title=\"Obligatoire\">*<\/span><\/label><div class=\"um-clear\"><\/div><\/div><div class=\"um-field-area\"><input  autocomplete=\"off\" class=\"um-form-field valid \" type=\"text\" name=\"last_name-51\" id=\"last_name-51\" value=\"\" placeholder=\"\" data-validate=\"\" data-key=\"last_name\"  aria-invalid=\"false\" \/>\n\n\t\t\t\t\t\t<\/div><\/div><div  id=\"um_field_51_user_postal_code\" class=\"um-field um-field-number  um-field-user_postal_code um-field-number um-field-type_number\" data-key=\"user_postal_code\"><div class=\"um-field-label\"><label for=\"user_postal_code-51\">Code Postal<\/label><div class=\"um-clear\"><\/div><\/div><div class=\"um-field-area\"><input  class=\"um-form-field valid not-required \" type=\"number\" name=\"user_postal_code-51\" id=\"user_postal_code-51\" value=\"\" placeholder=\"\" data-validate=\"\" data-key=\"user_postal_code\"   aria-invalid=\"false\" \/>\n\n\t\t\t\t\t\t<\/div><\/div><div  id=\"um_field_51_user_email\" class=\"um-field um-field-text  um-field-user_email um-field-text um-field-type_text\" data-key=\"user_email\"><div class=\"um-field-label\"><label for=\"user_email-51\">Adresse e-mail<span class=\"um-req\" title=\"Obligatoire\">*<\/span><\/label><div class=\"um-clear\"><\/div><\/div><div class=\"um-field-area\"><input  autocomplete=\"off\" class=\"um-form-field valid \" type=\"text\" name=\"user_email-51\" id=\"user_email-51\" value=\"\" placeholder=\"\" data-validate=\"unique_email\" data-key=\"user_email\"  aria-invalid=\"false\" \/>\n\n\t\t\t\t\t\t<\/div><\/div><div  id=\"um_field_51_user_password\" class=\"um-field um-field-password  um-field-user_password um-field-password um-field-type_password\" data-key=\"user_password\"><div class=\"um-field-label\"><label for=\"user_password-51\">Mot de passe<span class=\"um-req\" title=\"Obligatoire\">*<\/span><\/label><div class=\"um-clear\"><\/div><\/div><div class=\"um-field-area\"><div class=\"um-field-area-password\">\n\t\t\t\t\t\t\t\t\t<input class=\"um-form-field valid \" type=\"password\" name=\"user_password-51\" id=\"user_password-51\" value=\"\" placeholder=\"\" data-validate=\"\" data-key=\"user_password\"  aria-invalid=\"false\" \/>\n\t\t\t\t\t\t\t\t\t<span class=\"um-toggle-password\"><i class=\"um-icon-eye\"><\/i><\/span>\n\t\t\t\t\t\t\t\t<\/div>\n\t\t\t\t\t\t\t<\/div><\/div><div  id=\"um_field_51_confirm_user_password\" class=\"um-field um-field-password  um-field-user_password um-field-password um-field-type_password\" data-key=\"confirm_user_password\"><div class=\"um-field-label\"><label for=\"confirm_user_password-51\">Confirmer le Mot de passe<span class=\"um-req\" title=\"Obligatoire\">*<\/span><\/label><div class=\"um-clear\"><\/div><\/div><div class=\"um-field-area\"><div class=\"um-field-area-password\"><input class=\"um-form-field valid \" type=\"password\" name=\"confirm_user_password-51\" id=\"confirm_user_password-51\" value=\"\" placeholder=\"Confirmer le Mot de passe\" data-validate=\"\" data-key=\"confirm_user_password\"  aria-invalid=\"false\" \/><span class=\"um-toggle-password\"><i class=\"um-icon-eye\"><\/i><\/span><\/div><\/div><\/div><\/div><\/div><div class=\"um-row _um_row_2 \" style=\"margin: 0 0 30px 0;\"><div class=\"um-col-1\"><div  id=\"um_field_51_membre_type\" class=\"um-field um-field-checkbox  um-field-membre_type um-field-checkbox um-field-type_checkbox\" data-key=\"membre_type\"  aria-invalid=\"false\" ><div class=\"um-field-label\"><label for=\"membre_type-51\">Membre<\/label><div class=\"um-clear\"><\/div><\/div><div class=\"um-field-area\"><label class=\"um-field-checkbox  um-field-half \"><input   type=\"checkbox\" name=\"membre_type[]\" value=\"Membre actif*\"  \/><span class=\"um-field-checkbox-state\"><i class=\"um-icon-android-checkbox-outline-blank\"><\/i><\/span><span class=\"um-field-checkbox-option\">Membre actif*<\/span><\/label><label class=\"um-field-checkbox  um-field-half  right \"><input   type=\"checkbox\" name=\"membre_type[]\" value=\"Membre sympathisant*\"  \/><span class=\"um-field-checkbox-state\"><i class=\"um-icon-android-checkbox-outline-blank\"><\/i><\/span><span class=\"um-field-checkbox-option\">Membre sympathisant*<\/span><\/label><div class=\"um-clear\"><\/div><div class=\"um-clear\"><\/div><\/div><\/div><\/div><\/div>\t<input type=\"hidden\" name=\"form_id\" id=\"form_id_51\" value=\"51\" \/>\n\t\t<p class=\"um_request_name\">\n\t\t<label for=\"um_request_51\">Only fill in if you are not human<\/label>\n\t\t<input type=\"hidden\" name=\"um_request\" id=\"um_request_51\" class=\"input\" value=\"\" size=\"25\" autocomplete=\"off\" \/>\n\t<\/p>\n\t\t\t<div id=\"cf-turnstile-um-register\"\n\t\tclass=\"cf-turnstile\" \t\tdata-sitekey=\"0x4AAAAAABdgtjeSLKTZP3La\"\n\t\tdata-theme=\"light\"\n\t\tdata-language=\"auto\"\n\t\tdata-size=\"normal\"\n\t\tdata-retry=\"auto\" data-retry-interval=\"1000\"\n\t\tdata-refresh-expired=\"auto\"\n\t\tdata-refresh-timeout=\"auto\"\n\t\tdata-action=\"ultimate-member\"\n\t\tdata-callback=\"turnstileUMCallback\"\n\t\t\t\tdata-appearance=\"always\"><\/div>\n\t\t\t<script>document.addEventListener(\"DOMContentLoaded\", function() { setTimeout(function(){ var e=document.getElementById(\"cf-turnstile-um-register\"); if(e&&!e.innerHTML.trim()){turnstile.render(e, {sitekey:\"0x4AAAAAABdgtjeSLKTZP3La\"});} }, 200); });<\/script>\n\t\t\t<br class=\"cf-turnstile-br cf-turnstile-br-um-register\">\n\t\t\t\t<style>#cf-turnstile-um-register { margin-left: -15px; }<\/style>\n\t\t<input type=\"hidden\" id=\"_wpnonce\" name=\"_wpnonce\" value=\"5e35ead3bc\" \/><input type=\"hidden\" name=\"_wp_http_referer\" value=\"\/fr\/wp-json\/wp\/v2\/pages\/57\" \/>\n\t<div class=\"um-col-alt\">\n\n\t\t\n\t\t\t<div class=\"um-left um-half\">\n\t\t\t\t<input type=\"submit\" value=\"S\u2019inscrire\" class=\"um-button\" id=\"um-submit-btn\" \/>\n\t\t\t<\/div>\n\t\t\t<div class=\"um-right um-half\">\n\t\t\t\t<a href=\"https:\/\/www.rodeart.be\/fr\/login\/\" class=\"um-button um-alt\">\n\t\t\t\t\tConnexion\t\t\t\t<\/a>\n\t\t\t<\/div>\n\n\t\t\n\t\t<div class=\"um-clear\"><\/div>\n\n\t<\/div>\n\n\t\t\t<\/form>\n\t<\/div>\n<\/div>\n<style>\n\t\t\t.um-51.um {\n\t\t\tmax-width: 450px;\n\t\t}\n\t\t<\/style>\n","protected":false},"excerpt":{"rendered":"","protected":false},"author":1,"featured_media":0,"parent":0,"menu_order":0,"comment_status":"closed","ping_status":"closed","template":"","meta":{"inline_featured_image":false,"_uag_custom_page_level_css":"","footnotes":""},"class_list":["post-57","page","type-page","status-publish","hentry"],"uagb_featured_image_src":{"full":false,"thumbnail":false,"medium":false,"medium_large":false,"large":false,"1536x1536":false,"2048x2048":false,"trp-custom-language-flag":false,"album_cover":false,"gallery_image":false},"uagb_author_info":{"display_name":"Brice Koudijs","author_link":"https:\/\/www.rodeart.be\/fr\/author\/webmaster\/"},"uagb_comment_info":0,"uagb_excerpt":null,"_links":{"self":[{"href":"https:\/\/www.rodeart.be\/fr\/wp-json\/wp\/v2\/pages\/57","targetHints":{"allow":["GET"]}}],"collection":[{"href":"https:\/\/www.rodeart.be\/fr\/wp-json\/wp\/v2\/pages"}],"about":[{"href":"https:\/\/www.rodeart.be\/fr\/wp-json\/wp\/v2\/types\/page"}],"author":[{"embeddable":true,"href":"https:\/\/www.rodeart.be\/fr\/wp-json\/wp\/v2\/users\/1"}],"replies":[{"embeddable":true,"href":"https:\/\/www.rodeart.be\/fr\/wp-json\/wp\/v2\/comments?post=57"}],"version-history":[{"count":16,"href":"https:\/\/www.rodeart.be\/fr\/wp-json\/wp\/v2\/pages\/57\/revisions"}],"predecessor-version":[{"id":1028,"href":"https:\/\/www.rodeart.be\/fr\/wp-json\/wp\/v2\/pages\/57\/revisions\/1028"}],"wp:attachment":[{"href":"https:\/\/www.rodeart.be\/fr\/wp-json\/wp\/v2\/media?parent=57"}],"curies":[{"name":"wp","href":"https:\/\/api.w.org\/{rel}","templated":true}]}}