{"id":67,"date":"2025-05-13T11:12:27","date_gmt":"2025-05-13T09:12:27","guid":{"rendered":"https:\/\/www.rodeart.be\/?page_id=67"},"modified":"2025-09-19T09:57:11","modified_gmt":"2025-09-19T07:57:11","slug":"accueil","status":"publish","type":"page","link":"https:\/\/www.rodeart.be\/nl\/","title":{"rendered":"Welkom"},"content":{"rendered":"<div class=\"wp-block-group en-tete-accueil has-global-padding is-layout-constrained wp-block-group-is-layout-constrained\">\n<div class=\"wp-block-query is-layout-flow wp-block-query-is-layout-flow\"><ul class=\"wp-block-post-template is-layout-flow wp-block-post-template-is-layout-flow\"><li class=\"wp-block-post post-788 post type-post status-publish format-standard has-post-thumbnail hentry category-page-accueil category-evenements tag-art-contemporain tag-art-local tag-artistes-locaux tag-parcours-dartistes tag-rodeart\">\n\n<div class=\"wp-block-cover\"><span aria-hidden=\"true\" class=\"wp-block-cover__background has-background-dim-0 has-background-dim\"><\/span><img loading=\"lazy\" decoding=\"async\" width=\"1810\" height=\"2560\" src=\"https:\/\/www.rodeart.be\/wp-content\/uploads\/2025\/09\/Affiche-parcours-2025-ok-scaled.jpg\" class=\"wp-block-cover__image-background wp-post-image\" alt=\"\" data-object-fit=\"cover\" srcset=\"https:\/\/www.rodeart.be\/wp-content\/uploads\/2025\/09\/Affiche-parcours-2025-ok-scaled.jpg 1810w, https:\/\/www.rodeart.be\/wp-content\/uploads\/2025\/09\/Affiche-parcours-2025-ok-212x300.jpg 212w, https:\/\/www.rodeart.be\/wp-content\/uploads\/2025\/09\/Affiche-parcours-2025-ok-724x1024.jpg 724w, https:\/\/www.rodeart.be\/wp-content\/uploads\/2025\/09\/Affiche-parcours-2025-ok-768x1086.jpg 768w, https:\/\/www.rodeart.be\/wp-content\/uploads\/2025\/09\/Affiche-parcours-2025-ok-1086x1536.jpg 1086w, https:\/\/www.rodeart.be\/wp-content\/uploads\/2025\/09\/Affiche-parcours-2025-ok-1448x2048.jpg 1448w, https:\/\/www.rodeart.be\/wp-content\/uploads\/2025\/09\/Affiche-parcours-2025-ok-8x12.jpg 8w\" sizes=\"auto, (max-width: 1810px) 100vw, 1810px\" \/><div class=\"wp-block-cover__inner-container has-global-padding is-layout-constrained wp-block-cover-is-layout-constrained\">\n<div class=\"wp-block-group has-global-padding is-content-justification-left is-layout-constrained wp-container-core-group-is-layout-3540e7cd wp-block-group-is-layout-constrained\"><h2 style=\"line-height:0.9;\" class=\"wp-block-post-title has-xxx-large-font-size\">Artiesten Parcours 2025<\/h2>\n\n<div style=\"font-style:normal;font-weight:700;\" class=\"has-link-color is-style-default wp-elements-2c83c33363fa0f921a995c554d43d5c1 wp-block-post-excerpt has-text-color has-base-color has-xx-large-font-size\"><p class=\"wp-block-post-excerpt__excerpt\">11 - 12 Okt 2025 <\/p><\/div>\n\n<a style=\"background-color:#ffffffe8; font-style:normal;font-weight:400;text-transform:uppercase; padding-top:10px;padding-bottom:10px;padding-left:15px;padding-right:15px;margin-top:var(--wp--preset--spacing--small);\" class=\"read-more-btn wp-elements-3d3d646048a0f8696d482e3b8fda71e7 wp-block-read-more has-text-color has-primary-color has-background\" href=\"https:\/\/www.rodeart.be\/nl\/parcours-dartistes-2025\/\" target=\"_self\">Meer informatie<span class=\"screen-reader-text\">: Open atelierdagen 2025<\/span><\/a><\/div>\n<\/div><\/div>\n\n<\/li><\/ul><\/div>\n<\/div>\n\n\n\n<div class=\"wp-block-columns alignwide is-layout-flex wp-container-core-columns-is-layout-83d8d5f7 wp-block-columns-is-layout-flex\" style=\"padding-top:0;padding-right:0;padding-bottom:0;padding-left:0\">\n<div class=\"wp-block-column is-layout-flow wp-container-core-column-is-layout-1eb46964 wp-block-column-is-layout-flow\" style=\"padding-top:var(--wp--preset--spacing--large);padding-right:var(--wp--preset--spacing--medium);padding-bottom:var(--wp--preset--spacing--large);padding-left:var(--wp--preset--spacing--medium);flex-basis:80%\">\n<p class=\"has-primary-color has-text-color has-link-color has-large-font-size wp-elements-e5af5f5b39126f3f93fcb5abb4dc9fa6\" style=\"margin-bottom:var(--wp--preset--spacing--small);font-style:normal;font-weight:700;line-height:1.2\">Rodeart, opgericht in 1990, is een kunstvereniging die tot doel heeft de ontwikkeling en het promoten van alle vormen van kunst in Sint-Genesius-Rode.<\/p>\n\n\n\n<p style=\"margin-bottom:var(--wp--preset--spacing--medium)\">Het doel is om banden te leggen in de gemeente tussen kunstenaars, bruggen te bouwen tussen verschillende artistieke disciplines, uitwisselingen te stimuleren en ontmoetingsmogelijkheden te cre\u00ebren zoals bvb. evenementen, bezoeken, conferenties, ... in een sfeer van openheid en delen.<br><br>Het Artiesten Parcours is het belangrijkste evenement van deze vereniging en wordt volledig beheerd door vrijwilligers, die zelf ook kunstenaars zijn.<\/p>\n\n\n\n<div class=\"wp-block-group newsletter is-layout-flow wp-block-group-is-layout-flow\"><div class=\"tnp tnp-subscription\">\n<form method=\"post\" action=\"https:\/\/www.rodeart.be\/wp-admin\/admin-ajax.php?action=tnp&amp;na=s\">\n<input type=\"hidden\" name=\"nlang\" value=\"\">\n<div class=\"tnp-field tnp-field-email\"><label for=\"tnp-1\">Email<\/label>\n<input class=\"tnp-email\" type=\"email\" name=\"ne\" id=\"tnp-1\" value=\"\" placeholder=\"Voer uw e-mailadres in...\" required><\/div>\n<div class=\"tnp-field tnp-field-button\" style=\"text-align: left\"><input class=\"tnp-submit\" type=\"submit\" value=\"Nieuwsbrief\" style=\"\">\n<\/div>\n<\/form>\n<\/div>\n\n<\/div>\n<\/div>\n\n\n\n<div class=\"wp-block-column is-layout-flow wp-block-column-is-layout-flow\" style=\"flex-basis:20%\"><\/div>\n<\/div>\n\n\n\n<div class=\"wp-block-group alignwide has-background has-global-padding is-content-justification-left is-layout-constrained wp-container-core-group-is-layout-01734731 wp-block-group-is-layout-constrained\" style=\"background-color:#f3f5f9;padding-top:var(--wp--preset--spacing--large);padding-right:var(--wp--preset--spacing--large);padding-bottom:var(--wp--preset--spacing--large);padding-left:var(--wp--preset--spacing--large)\">\n<div class=\"wp-block-group has-global-padding is-layout-constrained wp-block-group-is-layout-constrained\">\n<h2 class=\"wp-block-heading has-x-large-font-size\" style=\"font-style:normal;font-weight:900;line-height:0.9\">MIJN Rodeart-ledenaccount<\/h2>\n\n\n\n<div class=\"wp-block-buttons is-layout-flex wp-block-buttons-is-layout-flex\">\n<div class=\"wp-block-button is-style-outline is-style-outline--1\"><a class=\"wp-block-button__link wp-element-button\" href=\"https:\/\/www.rodeart.be\/nl\/account\/login\/\">Inloggen<\/a><\/div>\n<\/div>\n<\/div>\n\n\n\n<div class=\"wp-block-group has-global-padding is-layout-constrained wp-block-group-is-layout-constrained\">\n<p class=\"has-medium-font-size\" style=\"font-style:normal;font-weight:900\">U HEEFT NOG GEEN ACCOUNT<\/p>\n\n\n\n<div class=\"wp-block-buttons is-layout-flex wp-block-buttons-is-layout-flex\">\n<div class=\"wp-block-button is-style-fill\"><a class=\"wp-block-button__link wp-element-button\" href=\"https:\/\/www.rodeart.be\/nl\/register\/\" style=\"border-radius:0px\">Maak uw account aan<\/a><\/div>\n<\/div>\n<\/div>\n<\/div>\n\n\n\n<p><\/p>","protected":false},"excerpt":{"rendered":"<p>Cr\u00e9\u00e9 en 1990, Rodeart est un cercle artistique qui a pour objectif de favoriser le d\u00e9veloppement et la visibilit\u00e9 de toutes les formes d\u2019art \u00e0 Rhode-Saint-Gen\u00e8se. Sa volont\u00e9 est de tricoter des liens entre les artistes rhodiens, de construire des ponts entre les diff\u00e9rentes disciplines artistiques, de favoriser les \u00e9changes et de cr\u00e9er des moments [&hellip;]<\/p>","protected":false},"author":1,"featured_media":1444,"parent":0,"menu_order":0,"comment_status":"closed","ping_status":"closed","template":"","meta":{"inline_featured_image":false,"_uag_custom_page_level_css":"","footnotes":""},"class_list":["post-67","page","type-page","status-publish","has-post-thumbnail","hentry"],"uagb_featured_image_src":{"full":["https:\/\/www.rodeart.be\/wp-content\/uploads\/2025\/09\/Affiche-parcours-2025-ok-scaled.jpg",1810,2560,false],"thumbnail":["https:\/\/www.rodeart.be\/wp-content\/uploads\/2025\/09\/Affiche-parcours-2025-ok-150x150.jpg",150,150,true],"medium":["https:\/\/www.rodeart.be\/wp-content\/uploads\/2025\/09\/Affiche-parcours-2025-ok-212x300.jpg",212,300,true],"medium_large":["https:\/\/www.rodeart.be\/wp-content\/uploads\/2025\/09\/Affiche-parcours-2025-ok-768x1086.jpg",768,1086,true],"large":["https:\/\/www.rodeart.be\/wp-content\/uploads\/2025\/09\/Affiche-parcours-2025-ok-724x1024.jpg",724,1024,true],"1536x1536":["https:\/\/www.rodeart.be\/wp-content\/uploads\/2025\/09\/Affiche-parcours-2025-ok-1086x1536.jpg",1086,1536,true],"2048x2048":["https:\/\/www.rodeart.be\/wp-content\/uploads\/2025\/09\/Affiche-parcours-2025-ok-1448x2048.jpg",1448,2048,true],"trp-custom-language-flag":["https:\/\/www.rodeart.be\/wp-content\/uploads\/2025\/09\/Affiche-parcours-2025-ok-8x12.jpg",8,12,true],"album_cover":["https:\/\/www.rodeart.be\/wp-content\/uploads\/2025\/09\/Affiche-parcours-2025-ok-490x250.jpg",490,250,true],"gallery_image":["https:\/\/www.rodeart.be\/wp-content\/uploads\/2025\/09\/Affiche-parcours-2025-ok-250x250.jpg",250,250,true]},"uagb_author_info":{"display_name":"Brice Koudijs","author_link":"https:\/\/www.rodeart.be\/nl\/author\/webmaster\/"},"uagb_comment_info":0,"uagb_excerpt":"Cr\u00e9\u00e9 en 1990, Rodeart est un cercle artistique qui a pour objectif de favoriser le d\u00e9veloppement et la visibilit\u00e9 de toutes les formes d\u2019art \u00e0 Rhode-Saint-Gen\u00e8se. Sa volont\u00e9 est de tricoter des liens entre les artistes rhodiens, de construire des ponts entre les diff\u00e9rentes disciplines artistiques, de favoriser les \u00e9changes et de cr\u00e9er des moments&hellip;","_links":{"self":[{"href":"https:\/\/www.rodeart.be\/nl\/wp-json\/wp\/v2\/pages\/67","targetHints":{"allow":["GET"]}}],"collection":[{"href":"https:\/\/www.rodeart.be\/nl\/wp-json\/wp\/v2\/pages"}],"about":[{"href":"https:\/\/www.rodeart.be\/nl\/wp-json\/wp\/v2\/types\/page"}],"author":[{"embeddable":true,"href":"https:\/\/www.rodeart.be\/nl\/wp-json\/wp\/v2\/users\/1"}],"replies":[{"embeddable":true,"href":"https:\/\/www.rodeart.be\/nl\/wp-json\/wp\/v2\/comments?post=67"}],"version-history":[{"count":33,"href":"https:\/\/www.rodeart.be\/nl\/wp-json\/wp\/v2\/pages\/67\/revisions"}],"predecessor-version":[{"id":1436,"href":"https:\/\/www.rodeart.be\/nl\/wp-json\/wp\/v2\/pages\/67\/revisions\/1436"}],"wp:featuredmedia":[{"embeddable":true,"href":"https:\/\/www.rodeart.be\/nl\/wp-json\/wp\/v2\/media\/1444"}],"wp:attachment":[{"href":"https:\/\/www.rodeart.be\/nl\/wp-json\/wp\/v2\/media?parent=67"}],"curies":[{"name":"wp","href":"https:\/\/api.w.org\/{rel}","templated":true}]}}