{"id":69,"date":"2025-05-13T11:13:05","date_gmt":"2025-05-13T09:13:05","guid":{"rendered":"https:\/\/www.rodeart.be\/?page_id=69"},"modified":"2025-06-11T16:49:26","modified_gmt":"2025-06-11T14:49:26","slug":"contact","status":"publish","type":"page","link":"https:\/\/www.rodeart.be\/nl\/contact\/","title":{"rendered":"Contact"},"content":{"rendered":"<div class=\"wp-block-columns alignwide is-layout-flex wp-container-core-columns-is-layout-cc122afe wp-block-columns-is-layout-flex\" style=\"margin-bottom:var(--wp--preset--spacing--medium)\">\n<div class=\"wp-block-column is-layout-flow wp-container-core-column-is-layout-8a368f38 wp-block-column-is-layout-flow\" style=\"flex-basis:66.66%\">\n<p class=\"has-primary-color has-text-color has-link-color has-large-font-size wp-elements-3c1916ee4277300a13bc94a381a1048b\" style=\"margin-bottom:var(--wp--preset--spacing--small);font-style:normal;font-weight:700;line-height:1.2\">Wil je meer weten over onze vereniging, onze events of in contact komen met een kunstenaar die lid is van RODEART ?<\/p>\n\n\n\n<p class=\"has-primary-color has-text-color has-link-color has-large-font-size wp-elements-403b79cf4df2b34078cf89e9a96a5c41\" style=\"margin-bottom:var(--wp--preset--spacing--small);font-style:normal;font-weight:500;line-height:1.2\">Aarzel niet ! Schrijf ons gerust en wij antwoorden U graag zo spoedig mogelijk.<\/p>\n<\/div>\n\n\n\n<div class=\"wp-block-column is-layout-flow wp-block-column-is-layout-flow\" style=\"flex-basis:33.33%\"><\/div>\n<\/div>\n\n\n\n<div class=\"wp-block-group alignwide has-tertiary-background-color has-background is-layout-flow wp-block-group-is-layout-flow\" style=\"margin-top:0;margin-bottom:var(--wp--preset--spacing--large)\">\n<div class=\"wp-block-uagb-forms uagb-forms__outer-wrap uagb-block-bbdbb8c2 uagb-forms__medium-btn\"><form class=\"uagb-forms-main-form\" method=\"post\" autocomplete=\"on\" name=\"uagb-form-bbdbb8c2\" action=\"\">\n<div class=\"wp-block-uagb-forms-name uagb-forms-name-wrap uagb-forms-field-set uagb-block-8c8f6778\"><div class=\"uagb-forms-name-label required uagb-forms-input-label\" id=\"8c8f6778\">Naam \/ Collectief \/ Organisatie<\/div><input type=\"text\" placeholder=\"Uw naam of organisatie\" required class=\"uagb-forms-name-input uagb-forms-input\" name=\"8c8f6778\" autocomplete=\"off\"\/><\/div>\n\n\n\n<div class=\"wp-block-uagb-forms-email uagb-forms-email-wrap uagb-forms-field-set uagb-block-d70515c9\"><div class=\"uagb-forms-email-label required uagb-forms-input-label\" id=\"d70515c9\">Email<\/div><input type=\"email\" class=\"uagb-forms-email-input uagb-forms-input\" placeholder=\"example@mail.com\" required name=\"d70515c9\" autocomplete=\"email\"\/><\/div>\n\n\n\n<div class=\"wp-block-uagb-forms-textarea uagb-forms-textarea-wrap uagb-forms-field-set uagb-block-6ad6ecfe\"><div class=\"uagb-forms-textarea-label required uagb-forms-input-label\" id=\"6ad6ecfe\">Bericht<\/div><textarea required class=\"uagb-forms-textarea-input uagb-forms-input\" rows=\"4\" placeholder=\"Voer uw bericht in\" name=\"6ad6ecfe\" autocomplete=\"off\"><\/textarea><\/div>\n<div class=\"uagb-forms-form-hidden-data\"><input type=\"hidden\" id=\"g-recaptcha-response\" class=\"uagb-forms-recaptcha\"\/><input type=\"hidden\" class=\"uagb_forms_form_label\" value=\"Contact Form\"\/><input type=\"hidden\" class=\"uagb_forms_form_id\" value=\"uagb-form-bbdbb8c2\"\/><\/div><div class=\"uagb-form-reacaptcha-error-bbdbb8c2\"><\/div><div class=\"uagb-forms-main-submit-button-wrap wp-block-button\"><button class=\"uagb-forms-main-submit-button wp-block-button__link\"><div class=\"uagb-forms-main-submit-button-text\">Versturen<\/div><\/button><\/div><input type=\"hidden\" name=\"trp-form-language\" value=\"nl\"\/><\/form><div class=\"uagb-forms-success-message-bbdbb8c2 uagb-forms-submit-message-hide\"><span>Bedankt voor uw bericht. Wij hebben uw bericht ontvangen en zullen u zo spoedig mogelijk antwoorden.<\/span><\/div><div class=\"uagb-forms-failed-message-bbdbb8c2 uagb-forms-submit-message-hide\"><span>Er is een fout opgetreden. Uw bericht kon niet worden verzonden. Probeer het later opnieuw of neem rechtstreeks contact met ons op via info@rodeart.be.<\/span><\/div><\/div>\n<\/div>\n\n\n\n<div class=\"wp-block-group alignwide is-layout-flow wp-block-group-is-layout-flow\" style=\"margin-top:0;margin-bottom:0\">\n<h3 class=\"wp-block-heading\">Per post<\/h3>\n\n\n\n<div class=\"wp-block-group is-layout-flow wp-container-core-group-is-layout-a77db08e wp-block-group-is-layout-flow\">\n<p style=\"font-style:normal;font-weight:800\">Hoofdkantoor &amp; secretariaat<\/p>\n\n\n\n<p>Hamletstraat, 23<br>1640 Sint-Genesius-Rode<\/p>\n\n\n\n<p>Bankrekening BE50 0682 1179 8618<\/p>\n<\/div>\n<\/div>","protected":false},"excerpt":{"rendered":"<p>Vous souhaitez en savoir plus sur l\u2019association Rodeart, nos \u00e9v\u00e9nements ou entrer en contact avec un artiste membre ? N\u2019h\u00e9sitez pas \u00e0 nous \u00e9crire, nous serons ravis de vous r\u00e9pondre. Par courrier Si\u00e8ge &amp; secr\u00e9tariat Rue du Hameau, 231640 Rhode-Saint-Gen\u00e8se + Compte bancaire BE50 0682 1179 8618<\/p>","protected":false},"author":1,"featured_media":504,"parent":0,"menu_order":0,"comment_status":"closed","ping_status":"closed","template":"pages-titre","meta":{"inline_featured_image":false,"_uag_custom_page_level_css":"","footnotes":""},"class_list":["post-69","page","type-page","status-publish","has-post-thumbnail","hentry"],"uagb_featured_image_src":{"full":["https:\/\/www.rodeart.be\/wp-content\/uploads\/2025\/05\/Nadine-Lhoest-ok.jpeg",1280,912,false],"thumbnail":["https:\/\/www.rodeart.be\/wp-content\/uploads\/2025\/05\/Nadine-Lhoest-ok-150x150.jpeg",150,150,true],"medium":["https:\/\/www.rodeart.be\/wp-content\/uploads\/2025\/05\/Nadine-Lhoest-ok-300x214.jpeg",300,214,true],"medium_large":["https:\/\/www.rodeart.be\/wp-content\/uploads\/2025\/05\/Nadine-Lhoest-ok-768x547.jpeg",768,547,true],"large":["https:\/\/www.rodeart.be\/wp-content\/uploads\/2025\/05\/Nadine-Lhoest-ok-1024x730.jpeg",1024,730,true],"1536x1536":["https:\/\/www.rodeart.be\/wp-content\/uploads\/2025\/05\/Nadine-Lhoest-ok.jpeg",1280,912,false],"2048x2048":["https:\/\/www.rodeart.be\/wp-content\/uploads\/2025\/05\/Nadine-Lhoest-ok.jpeg",1280,912,false],"trp-custom-language-flag":["https:\/\/www.rodeart.be\/wp-content\/uploads\/2025\/05\/Nadine-Lhoest-ok-18x12.jpeg",18,12,true],"album_cover":["https:\/\/www.rodeart.be\/wp-content\/uploads\/2025\/05\/Nadine-Lhoest-ok-490x250.jpeg",490,250,true],"gallery_image":["https:\/\/www.rodeart.be\/wp-content\/uploads\/2025\/05\/Nadine-Lhoest-ok-250x250.jpeg",250,250,true]},"uagb_author_info":{"display_name":"Brice Koudijs","author_link":"https:\/\/www.rodeart.be\/nl\/author\/webmaster\/"},"uagb_comment_info":0,"uagb_excerpt":"Vous souhaitez en savoir plus sur l\u2019association Rodeart, nos \u00e9v\u00e9nements ou entrer en contact avec un artiste membre ? N\u2019h\u00e9sitez pas \u00e0 nous \u00e9crire, nous serons ravis de vous r\u00e9pondre. Par courrier Si\u00e8ge &amp; secr\u00e9tariat Rue du Hameau, 231640 Rhode-Saint-Gen\u00e8se + Compte bancaire BE50 0682 1179 8618","_links":{"self":[{"href":"https:\/\/www.rodeart.be\/nl\/wp-json\/wp\/v2\/pages\/69","targetHints":{"allow":["GET"]}}],"collection":[{"href":"https:\/\/www.rodeart.be\/nl\/wp-json\/wp\/v2\/pages"}],"about":[{"href":"https:\/\/www.rodeart.be\/nl\/wp-json\/wp\/v2\/types\/page"}],"author":[{"embeddable":true,"href":"https:\/\/www.rodeart.be\/nl\/wp-json\/wp\/v2\/users\/1"}],"replies":[{"embeddable":true,"href":"https:\/\/www.rodeart.be\/nl\/wp-json\/wp\/v2\/comments?post=69"}],"version-history":[{"count":10,"href":"https:\/\/www.rodeart.be\/nl\/wp-json\/wp\/v2\/pages\/69\/revisions"}],"predecessor-version":[{"id":1223,"href":"https:\/\/www.rodeart.be\/nl\/wp-json\/wp\/v2\/pages\/69\/revisions\/1223"}],"wp:featuredmedia":[{"embeddable":true,"href":"https:\/\/www.rodeart.be\/nl\/wp-json\/wp\/v2\/media\/504"}],"wp:attachment":[{"href":"https:\/\/www.rodeart.be\/nl\/wp-json\/wp\/v2\/media?parent=69"}],"curies":[{"name":"wp","href":"https:\/\/api.w.org\/{rel}","templated":true}]}}